{"id":2074,"date":"2022-01-05T01:10:12","date_gmt":"2022-01-05T01:10:12","guid":{"rendered":"https:\/\/themesflat.com\/carenowwp\/?page_id=2074"},"modified":"2026-02-13T16:58:38","modified_gmt":"2026-02-13T16:58:38","slug":"pricing-table","status":"publish","type":"page","link":"https:\/\/stomatolog-ns.rs\/en\/pricing-table\/","title":{"rendered":"Pricing Table"},"content":{"rendered":"<div data-elementor-type=\"wp-page\" data-elementor-id=\"2074\" class=\"elementor elementor-2074\">\n\t\t\t\t\t\t<section class=\"elementor-section elementor-top-section elementor-element elementor-element-1fc46c3 elementor-section-boxed elementor-section-height-default elementor-section-height-default\" data-id=\"1fc46c3\" data-element_type=\"section\" data-e-type=\"section\">\n\t\t\t\t\t\t<div class=\"elementor-container elementor-column-gap-default\">\n\t\t\t\t\t<div class=\"elementor-column elementor-col-100 elementor-top-column elementor-element elementor-element-5d2542c\" data-id=\"5d2542c\" data-element_type=\"column\" data-e-type=\"column\">\n\t\t\t<div class=\"elementor-widget-wrap elementor-element-populated\">\n\t\t\t\t\t\t<div class=\"elementor-element elementor-element-4b7a98d elementor-widget elementor-widget-heading\" data-id=\"4b7a98d\" data-element_type=\"widget\" data-e-type=\"widget\" data-widget_type=\"heading.default\">\n\t\t\t\t<div class=\"elementor-widget-container\">\n\t\t\t\t\t<h2 class=\"elementor-heading-title elementor-size-default\">Price list of the Medicodent dental office<\/h2>\t\t\t\t<\/div>\n\t\t\t\t<\/div>\n\t\t\t\t\t<\/div>\n\t\t<\/div>\n\t\t\t\t\t<\/div>\n\t\t<\/section>\n\t\t\t\t<section class=\"elementor-section elementor-top-section elementor-element elementor-element-ca06d3a elementor-section-boxed elementor-section-height-default elementor-section-height-default\" data-id=\"ca06d3a\" data-element_type=\"section\" data-e-type=\"section\">\n\t\t\t\t\t\t<div class=\"elementor-container elementor-column-gap-default\">\n\t\t\t\t\t<div class=\"elementor-column elementor-col-100 elementor-top-column elementor-element elementor-element-54571d7\" data-id=\"54571d7\" data-element_type=\"column\" data-e-type=\"column\">\n\t\t\t<div class=\"elementor-widget-wrap elementor-element-populated\">\n\t\t\t\t\t\t<div class=\"elementor-element elementor-element-2318cb1 elementor-widget elementor-widget-text-editor\" data-id=\"2318cb1\" data-element_type=\"widget\" data-e-type=\"widget\" data-widget_type=\"text-editor.default\">\n\t\t\t\t<div class=\"elementor-widget-container\">\n\t\t\t\t\t\t\t\t\t<p>Prices of the most frequently requested dental and aesthetic interventions.<\/p>\t\t\t\t\t\t\t\t<\/div>\n\t\t\t\t<\/div>\n\t\t\t\t\t<\/div>\n\t\t<\/div>\n\t\t\t\t\t<\/div>\n\t\t<\/section>\n\t\t\t\t<section class=\"elementor-section elementor-top-section elementor-element elementor-element-fe6c1ac elementor-section-boxed elementor-section-height-default elementor-section-height-default\" data-id=\"fe6c1ac\" data-element_type=\"section\" data-e-type=\"section\">\n\t\t\t\t\t\t<div class=\"elementor-container elementor-column-gap-default\">\n\t\t\t\t\t<div class=\"elementor-column elementor-col-100 elementor-top-column elementor-element elementor-element-7ea4a3b\" data-id=\"7ea4a3b\" data-element_type=\"column\" data-e-type=\"column\">\n\t\t\t<div class=\"elementor-widget-wrap elementor-element-populated\">\n\t\t\t\t\t\t<div class=\"elementor-element elementor-element-1527620 elementor-widget elementor-widget-text-editor\" data-id=\"1527620\" data-element_type=\"widget\" data-e-type=\"widget\" data-widget_type=\"text-editor.default\">\n\t\t\t\t<div class=\"elementor-widget-container\">\n\t\t\t\t\t\t\t\t\t<h5>Stomatolo\u0161ki pregled sa pisanim izve\u0161tajem &#8211; 3.000 din<\/h5>\t\t\t\t\t\t\t\t<\/div>\n\t\t\t\t<\/div>\n\t\t\t\t\t<\/div>\n\t\t<\/div>\n\t\t\t\t\t<\/div>\n\t\t<\/section>\n\t\t\t\t<section class=\"elementor-section elementor-top-section elementor-element elementor-element-f1fd0c5 elementor-section-content-middle tf-animated-column-elementor elementor-section-boxed elementor-section-height-default elementor-section-height-default\" data-id=\"f1fd0c5\" data-element_type=\"section\" data-e-type=\"section\">\n\t\t\t\t\t\t<div class=\"elementor-container elementor-column-gap-no\">\n\t\t\t\t\t<div class=\"elementor-column elementor-col-33 elementor-top-column elementor-element elementor-element-dd44441\" data-id=\"dd44441\" data-element_type=\"column\" data-e-type=\"column\">\n\t\t\t<div class=\"elementor-widget-wrap elementor-element-populated\">\n\t\t\t\t\t\t<div class=\"elementor-element elementor-element-45a418c elementor-widget elementor-widget-tf-pricetable\" data-id=\"45a418c\" data-element_type=\"widget\" data-e-type=\"widget\" data-widget_type=\"tf-pricetable.default\">\n\t\t\t\t<div class=\"elementor-widget-container\">\n\t\t\t\t\t<div id=\"tf-pricetable-45a418c\" class=\"tf-pricetable\" data-tabid=\"45a418c\">\n                <div class=\"header-price\">\n                                <div class=\"icon\"><i aria-hidden=\"true\" class=\"carenowmedical-icon- carenow-medical-icon-dental-care\"><\/i><\/div> <div class=\"price\">RESTORATIVE <\/div> <div class=\"title\">DENTISTRY AND ENDODONTICS<\/div>\n                            <\/div>\n                <div class=\"content-list\">\n                                <div class=\"inner-content-list\"><div class=\"item elementor-repeater-item-4257a2d\">\n                            <span class=\"wrap-icon\"><i class=\"fas fa-check\"><\/i><\/span>\n                            <span class=\"text\">Komp. i Amalg. ispuni - 5.000+ din<\/span>\n                        <\/div><div class=\"item elementor-repeater-item-129b005\">\n                            <span class=\"wrap-icon\"><i class=\"fas fa-check\"><\/i><\/span>\n                            <span class=\"text\">Infiltraciona tehnika - 5.000 din<\/span>\n                        <\/div><div class=\"item elementor-repeater-item-f0f671d\">\n                            <span class=\"wrap-icon\"><i class=\"fas fa-check\"><\/i><\/span>\n                            <span class=\"text\">Terapija dubokog karijesa - 3.000+ din<\/span>\n                        <\/div><div class=\"item elementor-repeater-item-121f7cd\">\n                            <span class=\"wrap-icon\"><i class=\"fas fa-check\"><\/i><\/span>\n                            <span class=\"text\">Le\u010denje zuba od 10.000+ din<\/span>\n                        <\/div><\/div>\n                            <\/div>\n                <div class=\"wrap-button\">\n                                <a class=\"btn\" href=\"\/en\/carenowwp\/contact\/\"  >kontakt<\/a>\n                            <\/div>\n            <\/div>\t\t\t\t<\/div>\n\t\t\t\t<\/div>\n\t\t\t\t\t<\/div>\n\t\t<\/div>\n\t\t\t\t<div class=\"elementor-column elementor-col-33 elementor-top-column elementor-element elementor-element-0bebd04\" data-id=\"0bebd04\" data-element_type=\"column\" data-e-type=\"column\">\n\t\t\t<div class=\"elementor-widget-wrap elementor-element-populated\">\n\t\t\t\t\t\t<div class=\"elementor-element elementor-element-cdfdb3b elementor-widget elementor-widget-tf-pricetable\" data-id=\"cdfdb3b\" data-element_type=\"widget\" data-e-type=\"widget\" data-widget_type=\"tf-pricetable.default\">\n\t\t\t\t<div class=\"elementor-widget-container\">\n\t\t\t\t\t<div id=\"tf-pricetable-cdfdb3b\" class=\"tf-pricetable\" data-tabid=\"cdfdb3b\">\n                <div class=\"header-price\">\n                                <div class=\"icon\"><i aria-hidden=\"true\" class=\"carenow-medical-icon-medical-insurance\"><\/i><\/div> <div class=\"price\">PREVENTIVE<\/div> <div class=\"title\">AND CHILDREN&#039;S DENTISTRY<\/div>\n                            <\/div>\n                <div class=\"content-list\">\n                                <div class=\"inner-content-list\"><div class=\"item elementor-repeater-item-4257a2d\">\n                            <span class=\"wrap-icon\"><i class=\"fas fa-check\"><\/i><\/span>\n                            <span class=\"text\">Uklanjanje mekih naslaga - 3.000 din<\/span>\n                        <\/div><div class=\"item elementor-repeater-item-495e462\">\n                            <span class=\"wrap-icon\"><i class=\"fas fa-check\"><\/i><\/span>\n                            <span class=\"text\">Ekst. mle\u010dnog zuba - 3.000-4.000 din<\/span>\n                        <\/div><div class=\"item elementor-repeater-item-3c6abe6\">\n                            <span class=\"wrap-icon\"><i class=\"fas fa-check\"><\/i><\/span>\n                            <span class=\"text\">Fluoridation of teeth - 3.000 din<\/span>\n                        <\/div><div class=\"item elementor-repeater-item-cb8f757\">\n                            <span class=\"wrap-icon\"><i class=\"fas fa-check\"><\/i><\/span>\n                            <span class=\"text\">Zalivanje fisura - 3.000 din<\/span>\n                        <\/div><div class=\"item elementor-repeater-item-58ae1b9\">\n                            <span class=\"wrap-icon\"><i class=\"fas fa-check\"><\/i><\/span>\n                            <span class=\"text\">Dentalni splint - 8.200 din<\/span>\n                        <\/div><\/div>\n                            <\/div>\n                <div class=\"wrap-button\">\n                                <a class=\"btn\" href=\"\/en\/carenowwp\/contact\/\"  >Contact<\/a>\n                            <\/div>\n            <\/div>\t\t\t\t<\/div>\n\t\t\t\t<\/div>\n\t\t\t\t\t<\/div>\n\t\t<\/div>\n\t\t\t\t<div class=\"elementor-column elementor-col-33 elementor-top-column elementor-element elementor-element-f3dbde4\" data-id=\"f3dbde4\" data-element_type=\"column\" data-e-type=\"column\">\n\t\t\t<div class=\"elementor-widget-wrap elementor-element-populated\">\n\t\t\t\t\t\t<div class=\"elementor-element elementor-element-ff2b373 elementor-widget elementor-widget-tf-pricetable\" data-id=\"ff2b373\" data-element_type=\"widget\" data-e-type=\"widget\" data-widget_type=\"tf-pricetable.default\">\n\t\t\t\t<div class=\"elementor-widget-container\">\n\t\t\t\t\t<div id=\"tf-pricetable-ff2b373\" class=\"tf-pricetable\" data-tabid=\"ff2b373\">\n                <div class=\"header-price\">\n                                <div class=\"icon\"><i aria-hidden=\"true\" class=\"carenowmedical-icon- carenow-medical-icon-dental-care\"><\/i><\/div> <div class=\"price\">PROSTHETICS<\/div> <div class=\"title\">...<\/div>\n                            <\/div>\n                <div class=\"content-list\">\n                                <div class=\"inner-content-list\"><div class=\"item elementor-repeater-item-4257a2d\">\n                            <span class=\"wrap-icon\"><i class=\"fas fa-check\"><\/i><\/span>\n                            <span class=\"text\">Akrilatna proteza - 48.000 din<\/span>\n                        <\/div><div class=\"item elementor-repeater-item-129b005\">\n                            <span class=\"wrap-icon\"><i class=\"fas fa-check\"><\/i><\/span>\n                            <span class=\"text\">Valplast proteza - 50.000+ din<\/span>\n                        <\/div><div class=\"item elementor-repeater-item-f0f671d\">\n                            <span class=\"wrap-icon\"><i class=\"fas fa-check\"><\/i><\/span>\n                            <span class=\"text\">Metalokerami\u010dka krunica - 13.000 din<\/span>\n                        <\/div><div class=\"item elementor-repeater-item-121f7cd\">\n                            <span class=\"wrap-icon\"><i class=\"fas fa-check\"><\/i><\/span>\n                            <span class=\"text\">Bezmetalna krunica - 32.000 din<\/span>\n                        <\/div><\/div>\n                            <\/div>\n                <div class=\"wrap-button\">\n                                <a class=\"btn\" href=\"\/en\/carenowwp\/contact\/\"  >kontakt<\/a>\n                            <\/div>\n            <\/div>\t\t\t\t<\/div>\n\t\t\t\t<\/div>\n\t\t\t\t\t<\/div>\n\t\t<\/div>\n\t\t\t\t\t<\/div>\n\t\t<\/section>\n\t\t\t\t<section class=\"elementor-section elementor-top-section elementor-element elementor-element-5fa42a7 elementor-section-boxed elementor-section-height-default elementor-section-height-default\" data-id=\"5fa42a7\" data-element_type=\"section\" data-e-type=\"section\">\n\t\t\t\t\t\t<div class=\"elementor-container elementor-column-gap-default\">\n\t\t\t\t\t<div class=\"elementor-column elementor-col-33 elementor-top-column elementor-element elementor-element-e3cab7a\" data-id=\"e3cab7a\" data-element_type=\"column\" data-e-type=\"column\">\n\t\t\t<div class=\"elementor-widget-wrap elementor-element-populated\">\n\t\t\t\t\t\t<div class=\"elementor-element elementor-element-7dc9d6a elementor-widget elementor-widget-text-editor\" data-id=\"7dc9d6a\" data-element_type=\"widget\" data-e-type=\"widget\" data-widget_type=\"text-editor.default\">\n\t\t\t\t<div class=\"elementor-widget-container\">\n\t\t\t\t\t\t\t\t\t<h5>AESTHETIC DENTISTRY<\/h5><p>Office teeth whitening \u2013 28.000 din<br \/>Ku\u0107no beljenje zuba &#8211; 18.000 din<br \/>Hyaluronic fillers (1ml3) \u2013 30.000 din<\/p>\t\t\t\t\t\t\t\t<\/div>\n\t\t\t\t<\/div>\n\t\t\t\t\t<\/div>\n\t\t<\/div>\n\t\t\t\t<div class=\"elementor-column elementor-col-33 elementor-top-column elementor-element elementor-element-192c6a1\" data-id=\"192c6a1\" data-element_type=\"column\" data-e-type=\"column\">\n\t\t\t<div class=\"elementor-widget-wrap elementor-element-populated\">\n\t\t\t\t\t\t<div class=\"elementor-element elementor-element-e2a83fa elementor-widget elementor-widget-text-editor\" data-id=\"e2a83fa\" data-element_type=\"widget\" data-e-type=\"widget\" data-widget_type=\"text-editor.default\">\n\t\t\t\t<div class=\"elementor-widget-container\">\n\t\t\t\t\t\t\t\t\t<h5>ORAL SURGERY AND IMPLANTOLOGY<\/h5><p>Ekstrakcija zuba &#8211; 4.500 &#8211; 18.000 din<br \/>Gingivalna hirurgija &#8211; 8.000 &#8211; 22.000 din<br \/>Apikalna hirurgija &#8211; 18.000 &#8211; 25.000 din<br \/>Ko\u0161tani graft od 54.000 din<br \/>Sinus lift &#8211; 142.000 &#8211; 165.000 din<br \/>Implantat &#8211; 77.000<\/p>\t\t\t\t\t\t\t\t<\/div>\n\t\t\t\t<\/div>\n\t\t\t\t\t<\/div>\n\t\t<\/div>\n\t\t\t\t<div class=\"elementor-column elementor-col-33 elementor-top-column elementor-element elementor-element-4e5bb20\" data-id=\"4e5bb20\" data-element_type=\"column\" data-e-type=\"column\">\n\t\t\t<div class=\"elementor-widget-wrap elementor-element-populated\">\n\t\t\t\t\t\t<div class=\"elementor-element elementor-element-ca5b179 elementor-widget elementor-widget-text-editor\" data-id=\"ca5b179\" data-element_type=\"widget\" data-e-type=\"widget\" data-widget_type=\"text-editor.default\">\n\t\t\t\t<div class=\"elementor-widget-container\">\n\t\t\t\t\t\t\t\t\t<h5>PARADONTOLOGY<\/h5><p>Uklanjanje kamenca i mekih naslaga &#8211; 4.500 din<br \/>Terapija parodontalnog d\u017eepa (konzervativna\/hiru\u0161ka) &#8211; 4.000 &#8211; 10.000 din<br \/>Gingivektomija &#8211; 10.000 din<\/p>\t\t\t\t\t\t\t\t<\/div>\n\t\t\t\t<\/div>\n\t\t\t\t\t<\/div>\n\t\t<\/div>\n\t\t\t\t\t<\/div>\n\t\t<\/section>\n\t\t\t\t<section class=\"elementor-section elementor-top-section elementor-element elementor-element-23db68a elementor-section-boxed elementor-section-height-default elementor-section-height-default\" data-id=\"23db68a\" data-element_type=\"section\" data-e-type=\"section\">\n\t\t\t\t\t\t<div class=\"elementor-container elementor-column-gap-default\">\n\t\t\t\t\t<div class=\"elementor-column elementor-col-100 elementor-top-column elementor-element elementor-element-0af0c5e\" data-id=\"0af0c5e\" data-element_type=\"column\" data-e-type=\"column\">\n\t\t\t<div class=\"elementor-widget-wrap elementor-element-populated\">\n\t\t\t\t\t\t<div class=\"elementor-element elementor-element-818765f elementor-widget elementor-widget-text-editor\" data-id=\"818765f\" data-element_type=\"widget\" data-e-type=\"widget\" data-widget_type=\"text-editor.default\">\n\t\t\t\t<div class=\"elementor-widget-container\">\n\t\t\t\t\t\t\t\t\t<h5>ORTODONCIJA &#8211; Fiksni i mobilni aparati &#8211; 50.000 &#8211; 189.000 din<\/h5>\t\t\t\t\t\t\t\t<\/div>\n\t\t\t\t<\/div>\n\t\t\t\t\t<\/div>\n\t\t<\/div>\n\t\t\t\t\t<\/div>\n\t\t<\/section>\n\t\t\t\t<\/div>","protected":false},"excerpt":{"rendered":"<p>Cenovnik stomatolo\u0161ke ordinacije Medicodent Cene naj\u010de\u0161\u0107e tra\u017eenih stomatolo\u0161kih i estetskih intervencija. Stomatolo\u0161ki pregled sa pisanim izve\u0161tajem &#8211; 3.000 din RESTAURATIVNA STOMATOLOGIJA I ENDODONCIJA Komp. i Amalg. ispuni [&hellip;]<\/p>\n","protected":false},"author":1,"featured_media":0,"parent":0,"menu_order":0,"comment_status":"closed","ping_status":"closed","template":"elementor_header_footer","meta":{"footnotes":""},"class_list":["post-2074","page","type-page","status-publish","hentry"],"_links":{"self":[{"href":"https:\/\/stomatolog-ns.rs\/en\/wp-json\/wp\/v2\/pages\/2074","targetHints":{"allow":["GET"]}}],"collection":[{"href":"https:\/\/stomatolog-ns.rs\/en\/wp-json\/wp\/v2\/pages"}],"about":[{"href":"https:\/\/stomatolog-ns.rs\/en\/wp-json\/wp\/v2\/types\/page"}],"author":[{"embeddable":true,"href":"https:\/\/stomatolog-ns.rs\/en\/wp-json\/wp\/v2\/users\/1"}],"replies":[{"embeddable":true,"href":"https:\/\/stomatolog-ns.rs\/en\/wp-json\/wp\/v2\/comments?post=2074"}],"version-history":[{"count":24,"href":"https:\/\/stomatolog-ns.rs\/en\/wp-json\/wp\/v2\/pages\/2074\/revisions"}],"predecessor-version":[{"id":4598,"href":"https:\/\/stomatolog-ns.rs\/en\/wp-json\/wp\/v2\/pages\/2074\/revisions\/4598"}],"wp:attachment":[{"href":"https:\/\/stomatolog-ns.rs\/en\/wp-json\/wp\/v2\/media?parent=2074"}],"curies":[{"name":"wp","href":"https:\/\/api.w.org\/{rel}","templated":true}]}}