{"id":425,"date":"2021-12-16T03:34:07","date_gmt":"2021-12-16T03:34:07","guid":{"rendered":"https:\/\/themesflat.com\/carenowwp\/?page_id=425"},"modified":"2022-12-03T03:23:36","modified_gmt":"2022-12-03T03:23:36","slug":"our-services","status":"publish","type":"page","link":"https:\/\/stomatolog-ns.rs\/en\/our-services\/","title":{"rendered":"SERVICES"},"content":{"rendered":"<div data-elementor-type=\"wp-page\" data-elementor-id=\"425\" class=\"elementor elementor-425\">\n\t\t\t\t\t\t<section class=\"elementor-section elementor-top-section elementor-element elementor-element-06bd52e elementor-section-stretched elementor-section-boxed elementor-section-height-default elementor-section-height-default\" data-id=\"06bd52e\" data-element_type=\"section\" data-e-type=\"section\" data-settings=\"{&quot;stretch_section&quot;:&quot;section-stretched&quot;,&quot;background_background&quot;:&quot;classic&quot;}\">\n\t\t\t\t\t\t<div class=\"elementor-container elementor-column-gap-extended\">\n\t\t\t\t\t<div class=\"elementor-column elementor-col-100 elementor-top-column elementor-element elementor-element-43a7c87\" data-id=\"43a7c87\" data-element_type=\"column\" data-e-type=\"column\">\n\t\t\t<div class=\"elementor-widget-wrap elementor-element-populated\">\n\t\t\t\t\t\t<div class=\"elementor-element elementor-element-cd2a9d1 elementor-widget elementor-widget-tf-services\" data-id=\"cd2a9d1\" data-element_type=\"widget\" data-e-type=\"widget\" data-widget_type=\"tf-services.default\">\n\t\t\t\t<div class=\"elementor-widget-container\">\n\t\t\t\t\t\t\t<div id=\"tf-services-cd2a9d1\" class=\"tf-services-wrap themesflat-services-taxonomy style1\" data-tabid=\"cd2a9d1\">\n\t\t\t<div class=\"wrap-services-post row column-3\">\n\t\t\t\t\t\t\t\t\t<div class=\"item\">\n\t\t\t\t\t\t\t                        <div class=\"services-post services-post-419\">\n\t                        \t\t                            <div class=\"featured-post\">\n\t                                <a href=\"https:\/\/stomatolog-ns.rs\/en\/services\/cosmetic-dentistry-2\/\">\n\t                                <img decoding=\"async\" src=\"https:\/\/stomatolog-ns.rs\/wp-content\/uploads\/elementor\/thumbs\/DecijaStomatologija-pyll8xkvr26rn5ynmnfv09hw1hsui5qrh24nsuymue.jpg\" alt=\"image\">\t                                <\/a>\n\t                            <\/div>\n\t                        \t\t                            <div class=\"content\"> \n\t                                <h2 class=\"title\">\n\t                                    <a href=\"https:\/\/stomatolog-ns.rs\/en\/services\/cosmetic-dentistry-2\/\">Preventive and children's dentistry<\/a>\n\t                                <\/h2>\n\t                                <div class=\"desc\">Visiting the dentist in the early period of the child is of great importance for preserving the health of his teeth. It is best to bring the child in the period after the milk teeth have erupted, when all the teeth are healthy.<\/div>                                                \n\t                                <div class=\"tf-button-container\">\n\t                                    <a href=\"https:\/\/stomatolog-ns.rs\/en\/services\/cosmetic-dentistry-2\/\" class=\"btn tf-button bt_icon_after\">MORE... <i class=\"carenow-icon-arrow-right-small\"><\/i><\/a>\n\t                                <\/div>                               \n\t                            <\/div>\n\t                        <\/div>\n                    \t                    <\/div> \n\t\t\t\t\t\t\t\t\t<div class=\"item\">\n\t\t\t\t\t\t\t                        <div class=\"services-post services-post-2989\">\n\t                        \t\t                            <div class=\"featured-post\">\n\t                                <a href=\"https:\/\/stomatolog-ns.rs\/en\/services\/newborn-baby\/\">\n\t                                <img decoding=\"async\" src=\"https:\/\/stomatolog-ns.rs\/wp-content\/uploads\/elementor\/thumbs\/Parodontologija-pylm5kj51yv6rqjz1rbil102l4xnrtb8mllloqkism.jpg\" alt=\"image\">\t                                <\/a>\n\t                            <\/div>\n\t                        \t\t                            <div class=\"content\"> \n\t                                <h2 class=\"title\">\n\t                                    <a href=\"https:\/\/stomatolog-ns.rs\/en\/services\/newborn-baby\/\">Paradontology<\/a>\n\t                                <\/h2>\n\t                                <div class=\"desc\">Gingivitis is inflammation of the gums, while periodontopathy is a disease that affects the\nentire supporting apparatus of the teeth. These diseases are the most common reasons for\ntooth loss in old age, and they appear more and more often in young people as well.<\/div>                                                \n\t                                <div class=\"tf-button-container\">\n\t                                    <a href=\"https:\/\/stomatolog-ns.rs\/en\/services\/newborn-baby\/\" class=\"btn tf-button bt_icon_after\">MORE... <i class=\"carenow-icon-arrow-right-small\"><\/i><\/a>\n\t                                <\/div>                               \n\t                            <\/div>\n\t                        <\/div>\n                    \t                    <\/div> \n\t\t\t\t\t\t\t\t\t<div class=\"item\">\n\t\t\t\t\t\t\t                        <div class=\"services-post services-post-405\">\n\t                        \t\t                            <div class=\"featured-post\">\n\t                                <a href=\"https:\/\/stomatolog-ns.rs\/en\/services\/emergency-dental-care\/\">\n\t                                <img decoding=\"async\" src=\"https:\/\/stomatolog-ns.rs\/wp-content\/uploads\/elementor\/thumbs\/protetika-pylmesc62hhem36088qtj79sa5i88ywhk7w03ewjs6.jpg\" alt=\"image\">\t                                <\/a>\n\t                            <\/div>\n\t                        \t\t                            <div class=\"content\"> \n\t                                <h2 class=\"title\">\n\t                                    <a href=\"https:\/\/stomatolog-ns.rs\/en\/services\/emergency-dental-care\/\">Prosthetics<\/a>\n\t                                <\/h2>\n\t                                <div class=\"desc\">Dental prosthetics provide you with compensation for damage to the tooth crown and\nextracted teeth. Crowns and bridges are fixed prosthetic restorations (cemented in the\nmouth and cannot be removed), while dentures are mobile.<\/div>                                                \n\t                                <div class=\"tf-button-container\">\n\t                                    <a href=\"https:\/\/stomatolog-ns.rs\/en\/services\/emergency-dental-care\/\" class=\"btn tf-button bt_icon_after\">MORE... <i class=\"carenow-icon-arrow-right-small\"><\/i><\/a>\n\t                                <\/div>                               \n\t                            <\/div>\n\t                        <\/div>\n                    \t                    <\/div> \n\t\t\t\t\t\t\t\t\t<div class=\"item\">\n\t\t\t\t\t\t\t                        <div class=\"services-post services-post-3003\">\n\t                        \t\t                            <div class=\"featured-post\">\n\t                                <a href=\"https:\/\/stomatolog-ns.rs\/en\/services\/senior-care\/\">\n\t                                <img decoding=\"async\" src=\"https:\/\/stomatolog-ns.rs\/wp-content\/uploads\/elementor\/thumbs\/endodoncija-pylm0276zxboq0k27vl8gx1t8u37nofvjby5fcql9i.jpg\" alt=\"image\">\t                                <\/a>\n\t                            <\/div>\n\t                        \t\t                            <div class=\"content\"> \n\t                                <h2 class=\"title\">\n\t                                    <a href=\"https:\/\/stomatolog-ns.rs\/en\/services\/senior-care\/\">Restorative dentistry and root canal treatment<\/a>\n\t                                <\/h2>\n\t                                <div class=\"desc\">Restorative dentistry is a branch of dentistry that deals with the treatment and replacement\nof lost hard dental tissues, i.e. enamel and dentin. The loss of these structures occurs after\ntooth trauma due to injuries and falls, but primarily as a consequence of the presence of\ncaries, which is the most common cause of dental tissue loss.<\/div>                                                \n\t                                <div class=\"tf-button-container\">\n\t                                    <a href=\"https:\/\/stomatolog-ns.rs\/en\/services\/senior-care\/\" class=\"btn tf-button bt_icon_after\">MORE... <i class=\"carenow-icon-arrow-right-small\"><\/i><\/a>\n\t                                <\/div>                               \n\t                            <\/div>\n\t                        <\/div>\n                    \t                    <\/div> \n\t\t\t\t\t\t\t\t\t<div class=\"item\">\n\t\t\t\t\t\t\t                        <div class=\"services-post services-post-2977\">\n\t                        \t\t                            <div class=\"featured-post\">\n\t                                <a href=\"https:\/\/stomatolog-ns.rs\/en\/services\/neurology\/\">\n\t                                <img decoding=\"async\" src=\"https:\/\/stomatolog-ns.rs\/wp-content\/uploads\/elementor\/thumbs\/ortodoncija-pylm83phgwc01wvj9cqbsvzs7ig9igd7b4vp8ktc12.jpg\" alt=\"image\">\t                                <\/a>\n\t                            <\/div>\n\t                        \t\t                            <div class=\"content\"> \n\t                                <h2 class=\"title\">\n\t                                    <a href=\"https:\/\/stomatolog-ns.rs\/en\/services\/neurology\/\">Orthodontics<\/a>\n\t                                <\/h2>\n\t                                <div class=\"desc\">Orthodontics or jaw orthopedics is a branch of dentistry that deals with improper bite that\nmay be the result of improper bone relationships, that is, the mutual relationship of the\nupper and lower jaw, or just the improper position of the teeth in the jaws.<\/div>                                                \n\t                                <div class=\"tf-button-container\">\n\t                                    <a href=\"https:\/\/stomatolog-ns.rs\/en\/services\/neurology\/\" class=\"btn tf-button bt_icon_after\">MORE... <i class=\"carenow-icon-arrow-right-small\"><\/i><\/a>\n\t                                <\/div>                               \n\t                            <\/div>\n\t                        <\/div>\n                    \t                    <\/div> \n\t\t\t\t\t\t\t\t\t<div class=\"item\">\n\t\t\t\t\t\t\t                        <div class=\"services-post services-post-3005\">\n\t                        \t\t                            <div class=\"featured-post\">\n\t                                <a href=\"https:\/\/stomatolog-ns.rs\/en\/services\/child-health\/\">\n\t                                <img decoding=\"async\" src=\"https:\/\/stomatolog-ns.rs\/wp-content\/uploads\/elementor\/thumbs\/holivudsmile-pylm3tjyc2gz5v3g9i3ifyw6sbk2g3d81xw2j75wdi.jpg\" alt=\"image\">\t                                <\/a>\n\t                            <\/div>\n\t                        \t\t                            <div class=\"content\"> \n\t                                <h2 class=\"title\">\n\t                                    <a href=\"https:\/\/stomatolog-ns.rs\/en\/services\/child-health\/\"><strong>Aesthetic dentistry<\/strong><\/a>\n\t                                <\/h2>\n\t                                <div class=\"desc\">Aesthetic dentistry provides solutions if your teeth have changed color or shape.<\/div>                                                \n\t                                <div class=\"tf-button-container\">\n\t                                    <a href=\"https:\/\/stomatolog-ns.rs\/en\/services\/child-health\/\" class=\"btn tf-button bt_icon_after\">MORE... <i class=\"carenow-icon-arrow-right-small\"><\/i><\/a>\n\t                                <\/div>                               \n\t                            <\/div>\n\t                        <\/div>\n                    \t                    <\/div> \n\t\t\t\t\t\t\t\t\t<div class=\"item\">\n\t\t\t\t\t\t\t                        <div class=\"services-post services-post-411\">\n\t                        \t\t                            <div class=\"featured-post\">\n\t                                <a href=\"https:\/\/stomatolog-ns.rs\/en\/services\/pediatric-dentistry-2\/\">\n\t                                <img decoding=\"async\" src=\"https:\/\/stomatolog-ns.rs\/wp-content\/uploads\/elementor\/thumbs\/implantologija-pylmbytlkdmfs79gp0v41ww04jel5nph69fk9j32g6.jpg\" alt=\"image\">\t                                <\/a>\n\t                            <\/div>\n\t                        \t\t                            <div class=\"content\"> \n\t                                <h2 class=\"title\">\n\t                                    <a href=\"https:\/\/stomatolog-ns.rs\/en\/services\/pediatric-dentistry-2\/\"><strong>Oral surgery and implantology<\/strong><\/a>\n\t                                <\/h2>\n\t                                <div class=\"desc\">Oral surgery is limited to surgery of the oral cavity, which includes surgical treatment of\ninflammation in the bone of origin of the tooth (periodontitis, cysts, granulomas),\nperiodontal surgery, i.e. all oral-surgical procedures of the gums, whether it is about solving\ninflammatory processes or functional-aesthetic defects.<\/div>                                                \n\t                                <div class=\"tf-button-container\">\n\t                                    <a href=\"https:\/\/stomatolog-ns.rs\/en\/services\/pediatric-dentistry-2\/\" class=\"btn tf-button bt_icon_after\">MORE... <i class=\"carenow-icon-arrow-right-small\"><\/i><\/a>\n\t                                <\/div>                               \n\t                            <\/div>\n\t                        <\/div>\n                    \t                    <\/div> \n\t\t\t\t\t\t\t\t\t\t\t<\/div>\n\t\t<\/div>\n\t\t\t\t\t\t<\/div>\n\t\t\t\t<\/div>\n\t\t\t\t\t<\/div>\n\t\t<\/div>\n\t\t\t\t\t<\/div>\n\t\t<\/section>\n\t\t\t\t<\/div>","protected":false},"excerpt":{"rendered":"<p>Preventivna i de\u010dija stomatologija Preventivna i de\u010dija stomatologija Poseta stomatologu u ranom periodu deteta je od velikog zna\u010daja za o\u010duvanje zdravlja njegovih zuba. Najbolje VI\u0160E&#8230; Parodontologija Le\u010denje [&hellip;]<\/p>\n","protected":false},"author":1,"featured_media":0,"parent":0,"menu_order":0,"comment_status":"closed","ping_status":"closed","template":"","meta":{"footnotes":""},"class_list":["post-425","page","type-page","status-publish","hentry"],"_links":{"self":[{"href":"https:\/\/stomatolog-ns.rs\/en\/wp-json\/wp\/v2\/pages\/425","targetHints":{"allow":["GET"]}}],"collection":[{"href":"https:\/\/stomatolog-ns.rs\/en\/wp-json\/wp\/v2\/pages"}],"about":[{"href":"https:\/\/stomatolog-ns.rs\/en\/wp-json\/wp\/v2\/types\/page"}],"author":[{"embeddable":true,"href":"https:\/\/stomatolog-ns.rs\/en\/wp-json\/wp\/v2\/users\/1"}],"replies":[{"embeddable":true,"href":"https:\/\/stomatolog-ns.rs\/en\/wp-json\/wp\/v2\/comments?post=425"}],"version-history":[{"count":12,"href":"https:\/\/stomatolog-ns.rs\/en\/wp-json\/wp\/v2\/pages\/425\/revisions"}],"predecessor-version":[{"id":4480,"href":"https:\/\/stomatolog-ns.rs\/en\/wp-json\/wp\/v2\/pages\/425\/revisions\/4480"}],"wp:attachment":[{"href":"https:\/\/stomatolog-ns.rs\/en\/wp-json\/wp\/v2\/media?parent=425"}],"curies":[{"name":"wp","href":"https:\/\/api.w.org\/{rel}","templated":true}]}}