{"id":4337,"date":"2022-12-03T00:43:16","date_gmt":"2022-12-03T00:43:16","guid":{"rendered":"https:\/\/stomatolog-ns.rs\/?page_id=4337"},"modified":"2022-12-03T00:53:31","modified_gmt":"2022-12-03T00:53:31","slug":"dentalni-turizam","status":"publish","type":"page","link":"https:\/\/stomatolog-ns.rs\/en\/dentalni-turizam\/","title":{"rendered":"DENTAL TOURISM"},"content":{"rendered":"<div data-elementor-type=\"wp-page\" data-elementor-id=\"4337\" class=\"elementor elementor-4337\">\n\t\t\t\t\t\t<section class=\"elementor-section elementor-top-section elementor-element elementor-element-19b5311 elementor-section-boxed elementor-section-height-default elementor-section-height-default\" data-id=\"19b5311\" data-element_type=\"section\" data-e-type=\"section\">\n\t\t\t\t\t\t<div class=\"elementor-container elementor-column-gap-default\">\n\t\t\t\t\t<div class=\"elementor-column elementor-col-100 elementor-top-column elementor-element elementor-element-e621667\" data-id=\"e621667\" data-element_type=\"column\" data-e-type=\"column\">\n\t\t\t<div class=\"elementor-widget-wrap elementor-element-populated\">\n\t\t\t\t\t\t<div class=\"elementor-element elementor-element-346e8cd elementor-widget elementor-widget-heading\" data-id=\"346e8cd\" data-element_type=\"widget\" data-e-type=\"widget\" data-widget_type=\"heading.default\">\n\t\t\t\t<div class=\"elementor-widget-container\">\n\t\t\t\t\t<h2 class=\"elementor-heading-title elementor-size-default\">What is dental tourism?<\/h2>\t\t\t\t<\/div>\n\t\t\t\t<\/div>\n\t\t\t\t\t<\/div>\n\t\t<\/div>\n\t\t\t\t\t<\/div>\n\t\t<\/section>\n\t\t\t\t<section class=\"elementor-section elementor-top-section elementor-element elementor-element-f8c4080 elementor-section-boxed elementor-section-height-default elementor-section-height-default\" data-id=\"f8c4080\" data-element_type=\"section\" data-e-type=\"section\">\n\t\t\t\t\t\t<div class=\"elementor-container elementor-column-gap-default\">\n\t\t\t\t\t<div class=\"elementor-column elementor-col-100 elementor-top-column elementor-element elementor-element-65d7ebf\" data-id=\"65d7ebf\" data-element_type=\"column\" data-e-type=\"column\">\n\t\t\t<div class=\"elementor-widget-wrap elementor-element-populated\">\n\t\t\t\t\t\t<div class=\"elementor-element elementor-element-c83098c elementor-widget elementor-widget-text-editor\" data-id=\"c83098c\" data-element_type=\"widget\" data-e-type=\"widget\" data-widget_type=\"text-editor.default\">\n\t\t\t\t<div class=\"elementor-widget-container\">\n\t\t\t\t\t\t\t\t\t<p>In the last few years, Serbia has become a leading destination in Europe for both medical\nand dental tourism. Lower prices for dental services along with top-quality treatment, which\ndentists from Serbia completely match with their colleagues around the world, are the main\nreasons for the expansion of this type of tourism.<\/p>\t\t\t\t\t\t\t\t<\/div>\n\t\t\t\t<\/div>\n\t\t\t\t\t<\/div>\n\t\t<\/div>\n\t\t\t\t\t<\/div>\n\t\t<\/section>\n\t\t\t\t<section class=\"elementor-section elementor-top-section elementor-element elementor-element-d6a058e elementor-section-boxed elementor-section-height-default elementor-section-height-default\" data-id=\"d6a058e\" data-element_type=\"section\" data-e-type=\"section\">\n\t\t\t\t\t\t<div class=\"elementor-container elementor-column-gap-default\">\n\t\t\t\t\t<div class=\"elementor-column elementor-col-50 elementor-top-column elementor-element elementor-element-87474fc\" data-id=\"87474fc\" data-element_type=\"column\" data-e-type=\"column\">\n\t\t\t<div class=\"elementor-widget-wrap elementor-element-populated\">\n\t\t\t\t\t\t<div class=\"elementor-element elementor-element-62b2990 elementor-widget elementor-widget-image\" data-id=\"62b2990\" data-element_type=\"widget\" data-e-type=\"widget\" data-widget_type=\"image.default\">\n\t\t\t\t<div class=\"elementor-widget-container\">\n\t\t\t\t\t\t\t\t\t\t\t\t\t\t\t<img fetchpriority=\"high\" decoding=\"async\" width=\"1024\" height=\"683\" src=\"https:\/\/stomatolog-ns.rs\/wp-content\/uploads\/2022\/12\/medicodent-stomatolog-1024x683.jpg\" class=\"attachment-large size-large wp-image-4340\" alt=\"\" srcset=\"https:\/\/stomatolog-ns.rs\/wp-content\/uploads\/2022\/12\/medicodent-stomatolog-1024x683.jpg 1024w, https:\/\/stomatolog-ns.rs\/wp-content\/uploads\/2022\/12\/medicodent-stomatolog-300x200.jpg 300w, https:\/\/stomatolog-ns.rs\/wp-content\/uploads\/2022\/12\/medicodent-stomatolog-768x512.jpg 768w, https:\/\/stomatolog-ns.rs\/wp-content\/uploads\/2022\/12\/medicodent-stomatolog.jpg 1134w\" sizes=\"(max-width: 1024px) 100vw, 1024px\" \/>\t\t\t\t\t\t\t\t\t\t\t\t\t\t\t<\/div>\n\t\t\t\t<\/div>\n\t\t\t\t\t<\/div>\n\t\t<\/div>\n\t\t\t\t<div class=\"elementor-column elementor-col-50 elementor-top-column elementor-element elementor-element-e1ec91b\" data-id=\"e1ec91b\" data-element_type=\"column\" data-e-type=\"column\">\n\t\t\t<div class=\"elementor-widget-wrap elementor-element-populated\">\n\t\t\t\t\t\t<div class=\"elementor-element elementor-element-c76ae92 elementor-widget elementor-widget-text-editor\" data-id=\"c76ae92\" data-element_type=\"widget\" data-e-type=\"widget\" data-widget_type=\"text-editor.default\">\n\t\t\t\t<div class=\"elementor-widget-container\">\n\t\t\t\t\t\t\t\t\t<h4>Who is dental tourism for?<\/h4>\nDental tourism is intended primarily for patients from abroad who come specifically for\nquality dental services, whether they combine them with an annual vacation.<br><br>As we understand the needs of our patients from abroad, the team of the &quot;Medicodent&quot;\ndental office is ready to provide adequate and high-quality dental services in the shortest\npossible time. As the health of our patients comes first, we make uncompromising efforts to\noffer the best possible solution to these patients, who are often limited by the time they can\nspare for their stay in Serbia, and to ensure that the service provided is of the highest\nquality, as with all other patients of the practice.\t\t\t\t\t\t\t\t<\/div>\n\t\t\t\t<\/div>\n\t\t\t\t\t<\/div>\n\t\t<\/div>\n\t\t\t\t\t<\/div>\n\t\t<\/section>\n\t\t\t\t<section class=\"elementor-section elementor-top-section elementor-element elementor-element-70175fe elementor-section-boxed elementor-section-height-default elementor-section-height-default\" data-id=\"70175fe\" data-element_type=\"section\" data-e-type=\"section\">\n\t\t\t\t\t\t<div class=\"elementor-container elementor-column-gap-default\">\n\t\t\t\t\t<div class=\"elementor-column elementor-col-100 elementor-top-column elementor-element elementor-element-b713959\" data-id=\"b713959\" data-element_type=\"column\" data-e-type=\"column\">\n\t\t\t<div class=\"elementor-widget-wrap elementor-element-populated\">\n\t\t\t\t\t\t<div class=\"elementor-element elementor-element-4860bae elementor-widget elementor-widget-text-editor\" data-id=\"4860bae\" data-element_type=\"widget\" data-e-type=\"widget\" data-widget_type=\"text-editor.default\">\n\t\t\t\t<div class=\"elementor-widget-container\">\n\t\t\t\t\t\t\t\t\t<p>In addition to this form of dental tourism, our practice can boast of &quot;regional&quot; Dental\ntourism. Namely, our file is increasingly made up of patients from all over Vojvodina,\nBelgrade and Croatia. We believe that patients recognize the advantages of treatment in the\n&quot;Medicodent&quot; practice, where they receive a complete dental service through the work of\nseveral specialists.<\/p>\t\t\t\t\t\t\t\t<\/div>\n\t\t\t\t<\/div>\n\t\t\t\t\t<\/div>\n\t\t<\/div>\n\t\t\t\t\t<\/div>\n\t\t<\/section>\n\t\t\t\t<section class=\"elementor-section elementor-top-section elementor-element elementor-element-3af54c8 elementor-section-boxed elementor-section-height-default elementor-section-height-default\" data-id=\"3af54c8\" data-element_type=\"section\" data-e-type=\"section\">\n\t\t\t\t\t\t<div class=\"elementor-container elementor-column-gap-default\">\n\t\t\t\t\t<div class=\"elementor-column elementor-col-100 elementor-top-column elementor-element elementor-element-046a364\" data-id=\"046a364\" data-element_type=\"column\" data-e-type=\"column\">\n\t\t\t<div class=\"elementor-widget-wrap elementor-element-populated\">\n\t\t\t\t\t\t<div class=\"elementor-element elementor-element-ed09629 elementor-widget elementor-widget-text-editor\" data-id=\"ed09629\" data-element_type=\"widget\" data-e-type=\"widget\" data-widget_type=\"text-editor.default\">\n\t\t\t\t<div class=\"elementor-widget-container\">\n\t\t\t\t\t\t\t\t\t<h4>First contact and organization of arrival and stay.<\/h4><p>All potential patients can contact us via e-mail or our Facebook page for a preliminary\narrangement. We are also at your disposal for help with the organization of transport,\naccommodation and food in Novi Sad, as well as tourist offers in Novi Sad and the\nsurrounding area.<\/p>\t\t\t\t\t\t\t\t<\/div>\n\t\t\t\t<\/div>\n\t\t\t\t\t<\/div>\n\t\t<\/div>\n\t\t\t\t\t<\/div>\n\t\t<\/section>\n\t\t\t\t<\/div>","protected":false},"excerpt":{"rendered":"<p>\u0160ta je dentalni turizam? U poslednjih nekoliko godina Srbija je postala vode\u0107a destinacija u Evropi kako za medicinski tako i za dentalni turizam. Ni\u017ee cene stomatolo\u0161kih usluga [&hellip;]<\/p>\n","protected":false},"author":1,"featured_media":0,"parent":0,"menu_order":0,"comment_status":"closed","ping_status":"closed","template":"","meta":{"footnotes":""},"class_list":["post-4337","page","type-page","status-publish","hentry"],"_links":{"self":[{"href":"https:\/\/stomatolog-ns.rs\/en\/wp-json\/wp\/v2\/pages\/4337","targetHints":{"allow":["GET"]}}],"collection":[{"href":"https:\/\/stomatolog-ns.rs\/en\/wp-json\/wp\/v2\/pages"}],"about":[{"href":"https:\/\/stomatolog-ns.rs\/en\/wp-json\/wp\/v2\/types\/page"}],"author":[{"embeddable":true,"href":"https:\/\/stomatolog-ns.rs\/en\/wp-json\/wp\/v2\/users\/1"}],"replies":[{"embeddable":true,"href":"https:\/\/stomatolog-ns.rs\/en\/wp-json\/wp\/v2\/comments?post=4337"}],"version-history":[{"count":4,"href":"https:\/\/stomatolog-ns.rs\/en\/wp-json\/wp\/v2\/pages\/4337\/revisions"}],"predecessor-version":[{"id":4343,"href":"https:\/\/stomatolog-ns.rs\/en\/wp-json\/wp\/v2\/pages\/4337\/revisions\/4343"}],"wp:attachment":[{"href":"https:\/\/stomatolog-ns.rs\/en\/wp-json\/wp\/v2\/media?parent=4337"}],"curies":[{"name":"wp","href":"https:\/\/api.w.org\/{rel}","templated":true}]}}