{"id":545,"date":"2021-12-21T07:18:00","date_gmt":"2021-12-21T07:18:00","guid":{"rendered":"https:\/\/themesflat.com\/carenowwp\/?page_id=545"},"modified":"2026-02-13T11:52:22","modified_gmt":"2026-02-13T11:52:22","slug":"doctors","status":"publish","type":"page","link":"https:\/\/stomatolog-ns.rs\/en\/doctors\/","title":{"rendered":"Doctor"},"content":{"rendered":"<div data-elementor-type=\"wp-page\" data-elementor-id=\"545\" class=\"elementor elementor-545\">\n\t\t\t\t\t\t<section class=\"elementor-section elementor-top-section elementor-element elementor-element-cc89021 elementor-section-boxed elementor-section-height-default elementor-section-height-default\" data-id=\"cc89021\" data-element_type=\"section\" data-e-type=\"section\">\n\t\t\t\t\t\t<div class=\"elementor-container elementor-column-gap-extended\">\n\t\t\t\t\t<div class=\"elementor-column elementor-col-100 elementor-top-column elementor-element elementor-element-b3ecafd\" data-id=\"b3ecafd\" data-element_type=\"column\" data-e-type=\"column\">\n\t\t\t<div class=\"elementor-widget-wrap elementor-element-populated\">\n\t\t\t\t\t\t<div class=\"elementor-element elementor-element-a2aaedb elementor-widget elementor-widget-tf-doctor\" data-id=\"a2aaedb\" data-element_type=\"widget\" data-e-type=\"widget\" data-widget_type=\"tf-doctor.default\">\n\t\t\t\t<div class=\"elementor-widget-container\">\n\t\t\t\t\t\t\t<div id=\"tf-doctor-a2aaedb\" class=\"tf-doctor-wrap themesflat-doctor-taxonomy style1\" data-tabid=\"a2aaedb\">\n\t\t\t<div class=\"wrap-doctor-post row column-3\">\n\n\t\t\t\t\n\t\t\t\t\t\t\t\t\t<div class=\"item\">\t\t\t\t\r\n    <div class=\"doctor-post doctor-post-880\">\r\n    \t        <div class=\"featured-post\">\r\n            <a href=\"https:\/\/stomatolog-ns.rs\/en\/doctor\/sara-jackson-2\/\">\r\n            <img decoding=\"async\" src=\"https:\/\/stomatolog-ns.rs\/wp-content\/uploads\/2021\/12\/1.png\" alt=\"image\">            <\/a>\r\n        <\/div>\r\n    \t        <div class=\"content\"> \r\n            <h2 class=\"title\">\r\n                <a href=\"https:\/\/stomatolog-ns.rs\/en\/doctor\/sara-jackson-2\/\">Prof. dr Branislav Bajkin<\/a>\r\n            <\/h2>\r\n            \r\n                        <div class=\"position\">Oral surgery specialist<\/div>\r\n             \r\n\r\n            <div class=\"social\"><a href=\"#\"  target=\"_blank\" rel=\"nofollow\"><i class=\"fab fa-facebook-f\"><\/i><\/a><a href=\"#\"  target=\"_blank\" rel=\"nofollow\"><i class=\"fab fa-twitter\"><\/i><\/a><a href=\"#\"  target=\"_blank\" rel=\"nofollow\"><i class=\"fab fa-google-plus-g\"><\/i><\/a><a href=\"#\"  target=\"_blank\" rel=\"nofollow\"><i class=\"fab fa-instagram\"><\/i><\/a><\/div>        <\/div>\r\n    <\/div>\r\n<\/div>\t\t\t\t\t\t\t\t\t<div class=\"item\">\t\t\t\t\r\n    <div class=\"doctor-post doctor-post-872\">\r\n    \t        <div class=\"featured-post\">\r\n            <a href=\"https:\/\/stomatolog-ns.rs\/en\/doctor\/jonathan-gomez\/\">\r\n            <img decoding=\"async\" src=\"https:\/\/stomatolog-ns.rs\/wp-content\/uploads\/2021\/12\/2.png\" alt=\"image\">            <\/a>\r\n        <\/div>\r\n    \t        <div class=\"content\"> \r\n            <h2 class=\"title\">\r\n                <a href=\"https:\/\/stomatolog-ns.rs\/en\/doctor\/jonathan-gomez\/\">Prof. dr Bojana Mileki\u0107<\/a>\r\n            <\/h2>\r\n            \r\n                        <div class=\"position\">Specialist in dental prosthetics<\/div>\r\n             \r\n\r\n            <div class=\"social\"><a href=\"#\"  target=\"_blank\" rel=\"nofollow\"><i class=\"fab fa-facebook-f\"><\/i><\/a><a href=\"#\"  target=\"_blank\" rel=\"nofollow\"><i class=\"fab fa-twitter\"><\/i><\/a><a href=\"#\"  target=\"_blank\" rel=\"nofollow\"><i class=\"fab fa-google-plus-g\"><\/i><\/a><a href=\"#\"  target=\"_blank\" rel=\"nofollow\"><i class=\"fab fa-instagram\"><\/i><\/a><\/div>        <\/div>\r\n    <\/div>\r\n<\/div>\t\t\t\t\t\t\t\t\t<div class=\"item\">\t\t\t\t\r\n    <div class=\"doctor-post doctor-post-870\">\r\n    \t        <div class=\"featured-post\">\r\n            <a href=\"https:\/\/stomatolog-ns.rs\/en\/doctor\/ruth-miller-3\/\">\r\n            <img decoding=\"async\" src=\"https:\/\/stomatolog-ns.rs\/wp-content\/uploads\/2021\/12\/3.png\" alt=\"image\">            <\/a>\r\n        <\/div>\r\n    \t        <div class=\"content\"> \r\n            <h2 class=\"title\">\r\n                <a href=\"https:\/\/stomatolog-ns.rs\/en\/doctor\/ruth-miller-3\/\">Spec. dr Stevan Kobilarov<\/a>\r\n            <\/h2>\r\n            \r\n                        <div class=\"position\">Specialist in jaw orthopedics<\/div>\r\n             \r\n\r\n            <div class=\"social\"><a href=\"#\"  target=\"_blank\" rel=\"nofollow\"><i class=\"fab fa-facebook-f\"><\/i><\/a><a href=\"#\"  target=\"_blank\" rel=\"nofollow\"><i class=\"fab fa-twitter\"><\/i><\/a><a href=\"#\"  target=\"_blank\" rel=\"nofollow\"><i class=\"fab fa-google-plus-g\"><\/i><\/a><a href=\"#\"  target=\"_blank\" rel=\"nofollow\"><i class=\"fab fa-instagram\"><\/i><\/a><\/div>        <\/div>\r\n    <\/div>\r\n<\/div>\t\t\t\t\t\t\t\t\t<div class=\"item\">\t\t\t\t\r\n    <div class=\"doctor-post doctor-post-859\">\r\n    \t        <div class=\"featured-post\">\r\n            <a href=\"https:\/\/stomatolog-ns.rs\/en\/doctor\/sara-jackson\/\">\r\n            <img decoding=\"async\" src=\"https:\/\/stomatolog-ns.rs\/wp-content\/uploads\/2021\/12\/123.webp\" alt=\"image\">            <\/a>\r\n        <\/div>\r\n    \t        <div class=\"content\"> \r\n            <h2 class=\"title\">\r\n                <a href=\"https:\/\/stomatolog-ns.rs\/en\/doctor\/sara-jackson\/\">dr Tamara Radoni\u0107 Manjen\u010di\u0107<\/a>\r\n            <\/h2>\r\n            \r\n                        <div class=\"position\">Dentist<\/div>\r\n             \r\n\r\n            <div class=\"social\"><a href=\"#\"  target=\"_blank\" rel=\"nofollow\"><i class=\"fab fa-facebook-f\"><\/i><\/a><a href=\"#\"  target=\"_blank\" rel=\"nofollow\"><i class=\"fab fa-twitter\"><\/i><\/a><a href=\"#\"  target=\"_blank\" rel=\"nofollow\"><i class=\"fab fa-google-plus-g\"><\/i><\/a><a href=\"#\"  target=\"_blank\" rel=\"nofollow\"><i class=\"fab fa-instagram\"><\/i><\/a><\/div>        <\/div>\r\n    <\/div>\r\n<\/div>\t\t\t\t\t\t\t\t\t<div class=\"item\">\t\t\t\t\r\n    <div class=\"doctor-post doctor-post-854\">\r\n    \t        <div class=\"featured-post\">\r\n            <a href=\"https:\/\/stomatolog-ns.rs\/en\/doctor\/ruth-miller-2\/\">\r\n            <img decoding=\"async\" src=\"https:\/\/stomatolog-ns.rs\/wp-content\/uploads\/2021\/12\/1234.webp\" alt=\"image\">            <\/a>\r\n        <\/div>\r\n    \t        <div class=\"content\"> \r\n            <h2 class=\"title\">\r\n                <a href=\"https:\/\/stomatolog-ns.rs\/en\/doctor\/ruth-miller-2\/\">Bojana Nikoli\u0107<\/a>\r\n            <\/h2>\r\n            \r\n                        <div class=\"position\">Dental nurse<\/div>\r\n             \r\n\r\n            <div class=\"social\"><a href=\"#\"  target=\"_blank\" rel=\"nofollow\"><i class=\"fab fa-facebook-f\"><\/i><\/a><a href=\"#\"  target=\"_blank\" rel=\"nofollow\"><i class=\"fab fa-twitter\"><\/i><\/a><a href=\"#\"  target=\"_blank\" rel=\"nofollow\"><i class=\"fab fa-google-plus-g\"><\/i><\/a><a href=\"#\"  target=\"_blank\" rel=\"nofollow\"><i class=\"fab fa-instagram\"><\/i><\/a><\/div>        <\/div>\r\n    <\/div>\r\n<\/div>\t\t\t\t\n\t\t\t\t\n\t\t\t\t\t\t\t<\/div>\n\t\t<\/div>\n\t\t\t\t\t\t<\/div>\n\t\t\t\t<\/div>\n\t\t\t\t\t<\/div>\n\t\t<\/div>\n\t\t\t\t\t<\/div>\n\t\t<\/section>\n\t\t\t\t<\/div>","protected":false},"excerpt":{"rendered":"<p>Prof. dr Branislav Bajkin Specijalista oralne hirurgije Prof. dr Bojana Mileki\u0107 Specijalista stomatolo\u0161ke protetike Spec. dr Stevan Kobilarov Specijalista ortopedije vilice dr Tamara Radoni\u0107 Manjen\u010di\u0107 Doktor stomatologije [&hellip;]<\/p>\n","protected":false},"author":1,"featured_media":0,"parent":0,"menu_order":0,"comment_status":"closed","ping_status":"closed","template":"elementor_header_footer","meta":{"footnotes":""},"class_list":["post-545","page","type-page","status-publish","hentry"],"_links":{"self":[{"href":"https:\/\/stomatolog-ns.rs\/en\/wp-json\/wp\/v2\/pages\/545","targetHints":{"allow":["GET"]}}],"collection":[{"href":"https:\/\/stomatolog-ns.rs\/en\/wp-json\/wp\/v2\/pages"}],"about":[{"href":"https:\/\/stomatolog-ns.rs\/en\/wp-json\/wp\/v2\/types\/page"}],"author":[{"embeddable":true,"href":"https:\/\/stomatolog-ns.rs\/en\/wp-json\/wp\/v2\/users\/1"}],"replies":[{"embeddable":true,"href":"https:\/\/stomatolog-ns.rs\/en\/wp-json\/wp\/v2\/comments?post=545"}],"version-history":[{"count":4,"href":"https:\/\/stomatolog-ns.rs\/en\/wp-json\/wp\/v2\/pages\/545\/revisions"}],"predecessor-version":[{"id":4590,"href":"https:\/\/stomatolog-ns.rs\/en\/wp-json\/wp\/v2\/pages\/545\/revisions\/4590"}],"wp:attachment":[{"href":"https:\/\/stomatolog-ns.rs\/en\/wp-json\/wp\/v2\/media?parent=545"}],"curies":[{"name":"wp","href":"https:\/\/api.w.org\/{rel}","templated":true}]}}